{"id":244,"date":"2025-01-20T10:32:15","date_gmt":"2025-01-20T09:32:15","guid":{"rendered":"https:\/\/brocov.com\/?page_id=244"},"modified":"2025-01-30T23:09:40","modified_gmt":"2025-01-30T22:09:40","slug":"pourquoi-nous","status":"publish","type":"page","link":"https:\/\/brocov.com\/index.php\/pourquoi-nous\/","title":{"rendered":"Pourquoi nous"},"content":{"rendered":"\t\t<div data-elementor-type=\"wp-page\" data-elementor-id=\"244\" class=\"elementor elementor-244\">\n\t\t\t\t<div class=\"elementor-element elementor-element-e6852bc e-con-full e-flex e-con e-parent\" data-id=\"e6852bc\" data-element_type=\"container\">\n\t\t<div class=\"elementor-element elementor-element-da8584e e-con-full e-flex e-con e-child\" data-id=\"da8584e\" data-element_type=\"container\" data-settings=\"{&quot;background_background&quot;:&quot;slideshow&quot;,&quot;background_slideshow_gallery&quot;:[{&quot;id&quot;:69,&quot;url&quot;:&quot;http:\\\/\\\/brocov.com\\\/wp-content\\\/uploads\\\/2025\\\/01\\\/Motif-hexagones-pers-basse-def-3-scaled.jpg&quot;},{&quot;id&quot;:114,&quot;url&quot;:&quot;http:\\\/\\\/brocov.com\\\/wp-content\\\/uploads\\\/2025\\\/01\\\/fond-couleur-scaled.jpg&quot;}],&quot;background_slideshow_ken_burns&quot;:&quot;yes&quot;,&quot;background_slideshow_loop&quot;:&quot;yes&quot;,&quot;background_slideshow_slide_duration&quot;:5000,&quot;background_slideshow_slide_transition&quot;:&quot;fade&quot;,&quot;background_slideshow_transition_duration&quot;:500,&quot;background_slideshow_ken_burns_zoom_direction&quot;:&quot;in&quot;}\">\n\t\t\t\t<\/div>\n\t\t\t\t<\/div>\n\t\t<div class=\"elementor-element elementor-element-45c96a5 e-flex e-con-boxed e-con e-parent\" data-id=\"45c96a5\" data-element_type=\"container\">\n\t\t\t\t\t<div class=\"e-con-inner\">\n\t\t<div class=\"elementor-element elementor-element-8ac3601 e-con-full e-flex e-con e-child\" data-id=\"8ac3601\" data-element_type=\"container\" data-settings=\"{&quot;background_background&quot;:&quot;classic&quot;}\">\n\t\t<div class=\"elementor-element elementor-element-a4e0991 e-con-full e-flex e-con e-child\" data-id=\"a4e0991\" data-element_type=\"container\">\n\t\t\t\t<div class=\"elementor-element elementor-element-cd1ca34 elementor-widget__width-inherit elementor-widget elementor-widget-heading\" data-id=\"cd1ca34\" data-element_type=\"widget\" data-widget_type=\"heading.default\">\n\t\t\t\t<div class=\"elementor-widget-container\">\n\t\t\t\t\t<h2 class=\"elementor-heading-title elementor-size-default\">Pourquoi nous ?<\/h2>\t\t\t\t<\/div>\n\t\t\t\t<\/div>\n\t\t\t\t<\/div>\n\t\t\t\t<\/div>\n\t\t\t\t\t<\/div>\n\t\t\t\t<\/div>\n\t\t<div class=\"elementor-element elementor-element-08523c7 e-flex e-con-boxed e-con e-parent\" data-id=\"08523c7\" data-element_type=\"container\" data-settings=\"{&quot;background_background&quot;:&quot;classic&quot;}\">\n\t\t\t\t\t<div class=\"e-con-inner\">\n\t\t<div class=\"elementor-element elementor-element-615843b e-grid e-con-full e-con e-child\" data-id=\"615843b\" data-element_type=\"container\" data-settings=\"{&quot;background_background&quot;:&quot;classic&quot;}\">\n\t\t\t\t<div class=\"elementor-element elementor-element-980b357 elementor-view-default elementor-position-top elementor-mobile-position-top elementor-widget elementor-widget-icon-box\" data-id=\"980b357\" data-element_type=\"widget\" data-widget_type=\"icon-box.default\">\n\t\t\t\t<div class=\"elementor-widget-container\">\n\t\t\t\t\t\t\t<div class=\"elementor-icon-box-wrapper\">\n\n\t\t\t\t\t\t<div class=\"elementor-icon-box-icon\">\n\t\t\t\t<span  class=\"elementor-icon\">\n\t\t\t\t<svg xmlns=\"http:\/\/www.w3.org\/2000\/svg\" xmlns:xlink=\"http:\/\/www.w3.org\/1999\/xlink\" id=\"Calque_1\" x=\"0px\" y=\"0px\" width=\"85.04px\" height=\"85.04px\" viewBox=\"0 0 85.04 85.04\" xml:space=\"preserve\"><g>\t<g>\t\t<path fill=\"#FFE3C5\" d=\"M42.517,1.418c-22.701,0-41.1,18.401-41.1,41.102c0,22.697,18.401,41.102,41.1,41.102   c22.696,0,41.106-18.404,41.106-41.102C83.623,19.818,65.212,1.418,42.517,1.418z M68.375,43.139   c-2.367,9.523-8.614,22.736-24.935,31.615l-0.406,0.219h-1.036l-0.409-0.219c-16.316-8.879-22.566-22.092-24.924-31.615   c-2.563-10.286-1.28-18.414-1.223-18.757l0.184-1.112l26.843-8.405l26.943,8.405l0.184,1.112   C69.65,24.725,70.935,32.853,68.375,43.139z M42.467,18.709l-23.538,7.368c-0.237,2.471-0.56,8.843,1.323,16.319   c3.137,12.455,10.626,22.098,22.261,28.672c11.647-6.574,19.129-16.217,22.265-28.672c1.883-7.477,1.566-13.842,1.32-16.319   L42.467,18.709z M42.514,66.805C32.9,60.836,26.631,52.432,23.878,41.778c-1.362-5.291-1.532-9.989-1.446-12.953l20.04-6.268   l0.042,0.01V66.805z\"><\/path>\t<\/g><\/g><\/svg>\t\t\t\t<\/span>\n\t\t\t<\/div>\n\t\t\t\n\t\t\t\t\t\t<div class=\"elementor-icon-box-content\">\n\n\t\t\t\t\t\t\t\t\t<h3 class=\"elementor-icon-box-title\">\n\t\t\t\t\t\t<span  >\n\t\t\t\t\t\t\tProtection\t\t\t\t\t\t<\/span>\n\t\t\t\t\t<\/h3>\n\t\t\t\t\n\t\t\t\t\t\t\t\t\t<p class=\"elementor-icon-box-description\">\n\t\t\t\t\t\tLes films de protection carrosserie sont des rev\u00eatements en polyur\u00e9thane particuli\u00e8rement solides, ils sont conseill\u00e9s pour des v\u00e9hicules \u00e0 usages intensifs contre les agressions ext\u00e9rieures.\t\t\t\t\t<\/p>\n\t\t\t\t\n\t\t\t<\/div>\n\t\t\t\n\t\t<\/div>\n\t\t\t\t\t\t<\/div>\n\t\t\t\t<\/div>\n\t\t\t\t<div class=\"elementor-element elementor-element-8d07ba6 elementor-view-default elementor-position-top elementor-mobile-position-top elementor-widget elementor-widget-icon-box\" data-id=\"8d07ba6\" data-element_type=\"widget\" data-widget_type=\"icon-box.default\">\n\t\t\t\t<div class=\"elementor-widget-container\">\n\t\t\t\t\t\t\t<div class=\"elementor-icon-box-wrapper\">\n\n\t\t\t\t\t\t<div class=\"elementor-icon-box-icon\">\n\t\t\t\t<span  class=\"elementor-icon\">\n\t\t\t\t<svg xmlns=\"http:\/\/www.w3.org\/2000\/svg\" xmlns:xlink=\"http:\/\/www.w3.org\/1999\/xlink\" id=\"Calque_1\" x=\"0px\" y=\"0px\" width=\"85.04px\" height=\"85.04px\" viewBox=\"0 0 85.04 85.04\" xml:space=\"preserve\"><g>\t<g>\t\t<path fill=\"#FCCA94\" d=\"M40.639,55.133c-3.979,0.004-7.996-0.09-11.974,0.053c-0.029,4.062-0.033,8.121-0.01,12.186h27.79   c0.021-4.059,0-8.117-0.068-12.17C51.164,54.901,45.859,55.1,40.639,55.133z M31.218,64.065v-2.363l22.588,0.031l0.018,2.33   L31.218,64.065z M53.802,59.633l-22.64-0.006c-0.024-0.795,0.056-1.588,0.105-2.377l22.605,0.02   C53.894,58.073,53.878,58.836,53.802,59.633z M55.656,22.653c-8.691-0.069-17.382-0.059-26.075,0.023l-0.022,10.625l26.056,0.005   C55.666,29.755,55.679,26.205,55.656,22.653z M50.65,28.567c-0.523,0.746-0.713,3.829-0.713,3.829s-0.818-2.78-1.533-3.447   c-0.717-0.668-3.682-0.439-3.682-0.439s2.912-0.774,3.336-1.402c0.42-0.63,0.547-3.816,0.547-3.816s1.078,2.868,1.729,3.443   c0.652,0.578,3.488,0.446,3.488,0.446S51.273,27.692,50.65,28.567z M42.519,1.418c-22.663,0-41.102,18.439-41.102,41.102   c0,22.665,18.439,41.102,41.102,41.102c22.664,0,41.104-18.438,41.104-41.102C83.623,19.857,65.183,1.418,42.519,1.418z    M65.291,23.383c0.723-1.067,0.936-6.498,0.936-6.498s1.832,4.889,2.939,5.868c1.111,0.982,5.947,0.757,5.947,0.757   s-4.352,0.874-5.406,2.367c-0.893,1.268-1.215,6.519-1.215,6.519s-1.393-4.734-2.613-5.874c-1.215-1.138-6.275-0.749-6.275-0.749   S64.568,24.454,65.291,23.383z M57.164,12.604c0.42-0.625,0.549-3.814,0.549-3.814s1.074,2.87,1.727,3.444   c0.652,0.576,3.488,0.446,3.488,0.446s-2.551,0.512-3.174,1.39c-0.523,0.743-0.711,3.826-0.711,3.826s-0.82-2.78-1.533-3.448   c-0.719-0.667-3.682-0.438-3.682-0.438S56.74,13.232,57.164,12.604z M71.89,62.124c-0.203,1.184-0.822,2.33-1.678,3.176   c-2.6,2.576-6.186,1.705-9.555,1.689c-0.092,0.99,0.1,1.967-0.225,2.918c-0.463,0.42-0.641,0.334-1.25,0.35   c-11.592,0.012-23.217,0.195-34.81-0.059l-0.023-3.285c-3.675-0.184-6.505,0.955-9.433-1.818c-1.442-1.369-1.783-3.42-1.822-5.33   c-0.099-4.502-0.034-9.021-0.049-13.523c-0.009-2.588-0.349-5.756,0.179-8.282c0.236-1.111,0.795-2.092,1.596-2.898   c2.696-2.726,7.442-1.792,11.198-1.766c0.103-4.683,0.027-9.379,0.037-14.059l15.93,0.045c-0.028-0.098-1.079-3.633-2.003-4.495   c-0.934-0.873-4.817-0.573-4.817-0.573s3.812-1.016,4.37-1.837c0.55-0.821,0.713-4.989,0.713-4.989s1.406,3.752,2.26,4.505   c0.855,0.755,4.564,0.583,4.564,0.583s-3.34,0.67-4.15,1.815c-0.68,0.961-0.926,4.893-0.933,4.99l17.052,0.046   c-0.104,4.654,0.018,9.332-0.037,13.993c3.564,0.051,8.115-0.977,10.85,1.563c1.781,1.657,1.955,3.634,2.01,5.948   c0.088,3.628-0.033,7.273,0.027,10.908C71.939,54.583,72.357,59.463,71.89,62.124z M22.082,47.512   c-0.762,1.797-0.428,4.26-0.422,6.199l2.68-0.055l0.02-2.398l36.203,0.031l0.018,2.24c0.908,0.035,1.809,0.061,2.719,0.043   c0.01-1.994,0.109-4.039-0.039-6.025C49.541,47.364,35.797,47.428,22.082,47.512z\"><\/path>\t<\/g><\/g><\/svg>\t\t\t\t<\/span>\n\t\t\t<\/div>\n\t\t\t\n\t\t\t\t\t\t<div class=\"elementor-icon-box-content\">\n\n\t\t\t\t\t\t\t\t\t<h3 class=\"elementor-icon-box-title\">\n\t\t\t\t\t\t<span  >\n\t\t\t\t\t\t\tMat\u00e9riel de pointe\t\t\t\t\t\t<\/span>\n\t\t\t\t\t<\/h3>\n\t\t\t\t\n\t\t\t\t\t\t\t\t\t<p class=\"elementor-icon-box-description\">\n\t\t\t\t\t\tNous disposons d\u2019un mat\u00e9riel d\u2019impression haut de gamme capable de cr\u00e9er des habillages dans des mat\u00e9riaux durables et de qualit\u00e9 avec un rendu impeccable.\t\t\t\t\t<\/p>\n\t\t\t\t\n\t\t\t<\/div>\n\t\t\t\n\t\t<\/div>\n\t\t\t\t\t\t<\/div>\n\t\t\t\t<\/div>\n\t\t\t\t<div class=\"elementor-element elementor-element-30d719f elementor-view-default elementor-position-top elementor-mobile-position-top elementor-widget elementor-widget-icon-box\" data-id=\"30d719f\" data-element_type=\"widget\" data-widget_type=\"icon-box.default\">\n\t\t\t\t<div class=\"elementor-widget-container\">\n\t\t\t\t\t\t\t<div class=\"elementor-icon-box-wrapper\">\n\n\t\t\t\t\t\t<div class=\"elementor-icon-box-icon\">\n\t\t\t\t<span  class=\"elementor-icon\">\n\t\t\t\t<svg xmlns=\"http:\/\/www.w3.org\/2000\/svg\" xmlns:xlink=\"http:\/\/www.w3.org\/1999\/xlink\" id=\"Calque_1\" x=\"0px\" y=\"0px\" width=\"85.04px\" height=\"85.04px\" viewBox=\"0 0 85.04 85.04\" xml:space=\"preserve\"><g>\t<circle fill=\"#FFE3C5\" cx=\"27.432\" cy=\"58.854\" r=\"2.486\"><\/circle>\t<path fill=\"#FFE3C5\" d=\"M42.52,1.417c-22.701,0-41.103,18.404-41.103,41.103c0,22.7,18.402,41.104,41.103,41.104  c22.7,0,41.104-18.4,41.104-41.104C83.624,19.821,65.22,1.417,42.52,1.417z M37.856,55.465v-7.801v-6.568v-0.484V40.13V23.497  l3.04-5.359c0.473-0.822,1.333-1.282,2.217-1.282c0.437,0,0.874,0.111,1.277,0.344l9.972,5.759  c1.225,0.705,1.645,2.271,0.938,3.495l-3.037,5.359l-0.419,0.725l-0.417,0.723l-8.317,14.406l-5.375,9.311  C37.815,56.482,37.856,55.976,37.856,55.465z M37.376,61.624l7.185-12.447l8.8-15.241l5.864-3.44  c0.4-0.233,0.843-0.343,1.275-0.343c0.887,0,1.744,0.458,2.22,1.279l5.757,9.972c0.707,1.225,0.287,2.789-0.936,3.496l-7.312,4.277  L36.511,62.87C36.832,62.48,37.122,62.062,37.376,61.624z M25.408,66.409c-0.672-0.168-1.312-0.416-1.909-0.738  c-0.612-0.328-1.178-0.732-1.685-1.197c-1.44-1.32-2.414-3.139-2.646-5.186c-0.036-0.312-0.053-0.627-0.053-0.945V56.73v-0.774  v-0.754V17.519c0-1.413,1.146-2.559,2.559-2.559H33.19c1.412,0,2.558,1.146,2.558,2.559v8.627v0.836v0.834v15.667v0.484v0.482  v6.088v7.803c0,4.59-3.724,8.313-8.316,8.313C26.734,66.657,26.057,66.57,25.408,66.409z M71.395,64.31  c0,1.414-1.146,2.562-2.561,2.562H33.099c0.471-0.179,0.93-0.396,1.37-0.648l27.689-15.986h6.678c1.412,0,2.56,1.146,2.56,2.559  L71.395,64.31L71.395,64.31z\"><\/path><\/g><\/svg>\t\t\t\t<\/span>\n\t\t\t<\/div>\n\t\t\t\n\t\t\t\t\t\t<div class=\"elementor-icon-box-content\">\n\n\t\t\t\t\t\t\t\t\t<h3 class=\"elementor-icon-box-title\">\n\t\t\t\t\t\t<span  >\n\t\t\t\t\t\t\tBeaucoup de choix\t\t\t\t\t\t<\/span>\n\t\t\t\t\t<\/h3>\n\t\t\t\t\n\t\t\t\t\t\t\t\t\t<p class=\"elementor-icon-box-description\">\n\t\t\t\t\t\tEnsemble nous d\u00e9finissons le style qui vous correspond, du plus sobre au plus original. Nous avons une large palette de couleurs, d\u2019effets de mati\u00e8res et de graphismes \u00e0 vous proposer.\t\t\t\t\t<\/p>\n\t\t\t\t\n\t\t\t<\/div>\n\t\t\t\n\t\t<\/div>\n\t\t\t\t\t\t<\/div>\n\t\t\t\t<\/div>\n\t\t\t\t<div class=\"elementor-element elementor-element-8363134 elementor-view-default elementor-position-top elementor-mobile-position-top elementor-widget elementor-widget-icon-box\" data-id=\"8363134\" data-element_type=\"widget\" data-widget_type=\"icon-box.default\">\n\t\t\t\t<div class=\"elementor-widget-container\">\n\t\t\t\t\t\t\t<div class=\"elementor-icon-box-wrapper\">\n\n\t\t\t\t\t\t<div class=\"elementor-icon-box-icon\">\n\t\t\t\t<span  class=\"elementor-icon\">\n\t\t\t\t<svg xmlns=\"http:\/\/www.w3.org\/2000\/svg\" xmlns:xlink=\"http:\/\/www.w3.org\/1999\/xlink\" id=\"Calque_1\" x=\"0px\" y=\"0px\" width=\"85.04px\" height=\"85.04px\" viewBox=\"0 0 85.04 85.04\" xml:space=\"preserve\"><g>\t<g>\t\t<path fill=\"#FCCA94\" d=\"M42.518,10.931C29.033,10.931,18.1,22,18.1,35.647s10.932,24.71,24.418,24.71   c13.49,0,24.426-11.062,24.426-24.71C66.944,22,56.008,10.931,42.518,10.931z M42.335,58.055   c-12.233,0-22.149-10.031-22.149-22.408c0-12.382,9.916-22.412,22.149-22.412c12.231,0,22.147,10.03,22.147,22.412   C64.481,48.024,54.567,58.055,42.335,58.055z M42.518,18.623l-4.889,10.026l-10.935,1.609l7.915,7.808l-1.871,11.021l9.779-5.205   l9.782,5.205l-1.867-11.021l7.913-7.808l-10.932-1.609L42.518,18.623z M42.52,1.417c-22.701,0-41.103,18.404-41.103,41.103   c0,22.7,18.402,41.103,41.103,41.103c22.7,0,41.103-18.4,41.103-41.103C83.623,19.821,65.22,1.417,42.52,1.417z M68.418,46.503   c-0.691,1.676-2.93,2.512-3.919,4.001c-0.99,1.507-0.903,3.92-2.162,5.191c-1.161,1.174-3.243,1.228-4.732,2.008l2.114,9.956   l0.63,2.471l-2.098-0.527l-6.455-1.625l-4.867,4.562l-1.59,1.494l-0.633-2.479l-1.516-7.625c-0.223,0.05-0.446,0.077-0.674,0.077   c-0.138,0-0.277-0.027-0.411-0.046l-1.541,11.253l-0.262,2.54l-1.787-1.233l-5.487-3.794l-6.147,2.568l-2,0.836l0.263-2.537   l2.097-15.98c-1.47-0.693-3.43-0.792-4.541-1.919c-1.261-1.27-1.168-3.683-2.164-5.188c-0.986-1.491-3.228-2.326-3.917-4.007   c-0.676-1.647,0.32-3.84-0.03-5.631c-0.339-1.738-2.096-3.38-2.096-5.222c0-1.842,1.757-3.486,2.096-5.219   c0.35-1.797-0.645-3.992,0.033-5.637c0.687-1.679,2.93-2.514,3.915-4.006c0.996-1.505,0.909-3.919,2.166-5.195   c1.258-1.272,3.644-1.182,5.133-2.19c1.471-0.995,2.295-3.268,3.957-3.963c1.626-0.685,3.796,0.326,5.57-0.029   c1.717-0.35,3.341-2.122,5.156-2.122c1.823,0,3.443,1.771,5.162,2.122c1.769,0.354,3.937-0.656,5.567,0.029   c1.656,0.7,2.487,2.968,3.959,3.963c1.485,1.008,3.875,0.919,5.134,2.194c1.256,1.272,1.169,3.689,2.165,5.191   c0.986,1.492,3.228,2.324,3.912,4.006c0.678,1.645-0.316,3.84,0.032,5.637c0.342,1.733,2.098,3.376,2.098,5.219   c0,1.842-1.756,3.483-2.098,5.222C68.101,42.659,69.095,44.853,68.418,46.503z\"><\/path>\t<\/g><\/g><\/svg>\t\t\t\t<\/span>\n\t\t\t<\/div>\n\t\t\t\n\t\t\t\t\t\t<div class=\"elementor-icon-box-content\">\n\n\t\t\t\t\t\t\t\t\t<h3 class=\"elementor-icon-box-title\">\n\t\t\t\t\t\t<span  >\n\t\t\t\t\t\t\tProfessionnalisme\t\t\t\t\t\t<\/span>\n\t\t\t\t\t<\/h3>\n\t\t\t\t\n\t\t\t\t\t\t\t\t\t<p class=\"elementor-icon-box-description\">\n\t\t\t\t\t\tUn travail s\u00e9rieux et appliqu\u00e9 gr\u00e2ce \u00e0 des ann\u00e9es d'exp\u00e9rience dans le domaine des v\u00e9hicules.\t\t\t\t\t<\/p>\n\t\t\t\t\n\t\t\t<\/div>\n\t\t\t\n\t\t<\/div>\n\t\t\t\t\t\t<\/div>\n\t\t\t\t<\/div>\n\t\t\t\t<\/div>\n\t\t\t\t\t<\/div>\n\t\t\t\t<\/div>\n\t\t<div class=\"elementor-element elementor-element-ae2a55a e-flex e-con-boxed e-con e-parent\" data-id=\"ae2a55a\" data-element_type=\"container\">\n\t\t\t\t\t<div class=\"e-con-inner\">\n\t\t<div class=\"elementor-element elementor-element-0804e6c e-con-full e-flex e-con e-child\" data-id=\"0804e6c\" data-element_type=\"container\" data-settings=\"{&quot;background_background&quot;:&quot;classic&quot;}\">\n\t\t\t\t<\/div>\n\t\t\t\t\t<\/div>\n\t\t\t\t<\/div>\n\t\t\t\t<\/div>\n\t\t","protected":false},"excerpt":{"rendered":"<p>Pourquoi nous ? Protection Les films de protection carrosserie sont des rev\u00eatements en polyur\u00e9thane particuli\u00e8rement solides, ils sont conseill\u00e9s pour [&hellip;]<\/p>\n","protected":false},"author":1,"featured_media":0,"parent":0,"menu_order":0,"comment_status":"closed","ping_status":"closed","template":"","meta":{"site-sidebar-layout":"no-sidebar","site-content-layout":"","ast-site-content-layout":"full-width-container","site-content-style":"default","site-sidebar-style":"default","ast-global-header-display":"","ast-banner-title-visibility":"","ast-main-header-display":"","ast-hfb-above-header-display":"","ast-hfb-below-header-display":"","ast-hfb-mobile-header-display":"","site-post-title":"disabled","ast-breadcrumbs-content":"","ast-featured-img":"disabled","footer-sml-layout":"","theme-transparent-header-meta":"","adv-header-id-meta":"","stick-header-meta":"","header-above-stick-meta":"","header-main-stick-meta":"","header-below-stick-meta":"","astra-migrate-meta-layouts":"default","ast-page-background-enabled":"default","ast-page-background-meta":{"desktop":{"background-color":"var(--ast-global-color-5)","background-image":"","background-repeat":"repeat","background-position":"center center","background-size":"auto","background-attachment":"scroll","background-type":"","background-media":"","overlay-type":"","overlay-color":"","overlay-opacity":"","overlay-gradient":""},"tablet":{"background-color":"","background-image":"","background-repeat":"repeat","background-position":"center center","background-size":"auto","background-attachment":"scroll","background-type":"","background-media":"","overlay-type":"","overlay-color":"","overlay-opacity":"","overlay-gradient":""},"mobile":{"background-color":"","background-image":"","background-repeat":"repeat","background-position":"center center","background-size":"auto","background-attachment":"scroll","background-type":"","background-media":"","overlay-type":"","overlay-color":"","overlay-opacity":"","overlay-gradient":""}},"ast-content-background-meta":{"desktop":{"background-color":"var(--ast-global-color-4)","background-image":"","background-repeat":"repeat","background-position":"center center","background-size":"auto","background-attachment":"scroll","background-type":"","background-media":"","overlay-type":"","overlay-color":"","overlay-opacity":"","overlay-gradient":""},"tablet":{"background-color":"var(--ast-global-color-4)","background-image":"","background-repeat":"repeat","background-position":"center center","background-size":"auto","background-attachment":"scroll","background-type":"","background-media":"","overlay-type":"","overlay-color":"","overlay-opacity":"","overlay-gradient":""},"mobile":{"background-color":"var(--ast-global-color-4)","background-image":"","background-repeat":"repeat","background-position":"center center","background-size":"auto","background-attachment":"scroll","background-type":"","background-media":"","overlay-type":"","overlay-color":"","overlay-opacity":"","overlay-gradient":""}},"footnotes":""},"class_list":["post-244","page","type-page","status-publish","hentry"],"yoast_head":"<!-- This site is optimized with the Yoast SEO plugin v24.5 - https:\/\/yoast.com\/wordpress\/plugins\/seo\/ -->\n<title>Pourquoi nous - Brocov<\/title>\n<meta name=\"description\" content=\"Pourquoi choisir Brocov \u00e0 antibes ? Des professionnels s\u00e9rieux et appliqu\u00e9s dans le covering de v\u00e9hicules.\" \/>\n<meta name=\"robots\" content=\"index, follow, max-snippet:-1, max-image-preview:large, max-video-preview:-1\" \/>\n<link rel=\"canonical\" href=\"https:\/\/brocov.com\/index.php\/pourquoi-nous\/\" \/>\n<meta property=\"og:locale\" content=\"fr_FR\" \/>\n<meta property=\"og:type\" content=\"article\" \/>\n<meta property=\"og:title\" content=\"Pourquoi nous - Brocov\" \/>\n<meta property=\"og:description\" content=\"Pourquoi choisir Brocov \u00e0 antibes ? Des professionnels s\u00e9rieux et appliqu\u00e9s dans le covering de v\u00e9hicules.\" \/>\n<meta property=\"og:url\" content=\"https:\/\/brocov.com\/index.php\/pourquoi-nous\/\" \/>\n<meta property=\"og:site_name\" content=\"Brocov\" \/>\n<meta property=\"article:publisher\" content=\"https:\/\/www.facebook.com\/profile.php?id=61572047592454\" \/>\n<meta property=\"article:modified_time\" content=\"2025-01-30T22:09:40+00:00\" \/>\n<meta property=\"og:image\" content=\"https:\/\/brocov.com\/wp-content\/uploads\/2025\/01\/covering-1.jpg\" \/>\n\t<meta property=\"og:image:width\" content=\"1168\" \/>\n\t<meta property=\"og:image:height\" content=\"876\" \/>\n\t<meta property=\"og:image:type\" content=\"image\/jpeg\" \/>\n<meta name=\"twitter:card\" content=\"summary_large_image\" \/>\n<meta name=\"twitter:label1\" content=\"Dur\u00e9e de lecture estim\u00e9e\" \/>\n\t<meta name=\"twitter:data1\" content=\"1 minute\" \/>\n<script type=\"application\/ld+json\" class=\"yoast-schema-graph\">{\"@context\":\"https:\/\/schema.org\",\"@graph\":[{\"@type\":\"WebPage\",\"@id\":\"https:\/\/brocov.com\/index.php\/pourquoi-nous\/\",\"url\":\"https:\/\/brocov.com\/index.php\/pourquoi-nous\/\",\"name\":\"Pourquoi nous - Brocov\",\"isPartOf\":{\"@id\":\"https:\/\/brocov.com\/#website\"},\"datePublished\":\"2025-01-20T09:32:15+00:00\",\"dateModified\":\"2025-01-30T22:09:40+00:00\",\"description\":\"Pourquoi choisir Brocov \u00e0 antibes ? Des professionnels s\u00e9rieux et appliqu\u00e9s dans le covering de v\u00e9hicules.\",\"breadcrumb\":{\"@id\":\"https:\/\/brocov.com\/index.php\/pourquoi-nous\/#breadcrumb\"},\"inLanguage\":\"fr-FR\",\"potentialAction\":[{\"@type\":\"ReadAction\",\"target\":[\"https:\/\/brocov.com\/index.php\/pourquoi-nous\/\"]}]},{\"@type\":\"BreadcrumbList\",\"@id\":\"https:\/\/brocov.com\/index.php\/pourquoi-nous\/#breadcrumb\",\"itemListElement\":[{\"@type\":\"ListItem\",\"position\":1,\"name\":\"Accueil\",\"item\":\"https:\/\/brocov.com\/\"},{\"@type\":\"ListItem\",\"position\":2,\"name\":\"Pourquoi nous\"}]},{\"@type\":\"WebSite\",\"@id\":\"https:\/\/brocov.com\/#website\",\"url\":\"https:\/\/brocov.com\/\",\"name\":\"brocov\",\"description\":\"Covering de v\u00e9hicule\",\"publisher\":{\"@id\":\"https:\/\/brocov.com\/#organization\"},\"potentialAction\":[{\"@type\":\"SearchAction\",\"target\":{\"@type\":\"EntryPoint\",\"urlTemplate\":\"https:\/\/brocov.com\/?s={search_term_string}\"},\"query-input\":{\"@type\":\"PropertyValueSpecification\",\"valueRequired\":true,\"valueName\":\"search_term_string\"}}],\"inLanguage\":\"fr-FR\"},{\"@type\":\"Organization\",\"@id\":\"https:\/\/brocov.com\/#organization\",\"name\":\"Brocov\",\"alternateName\":\"Covering de vehicule\",\"url\":\"https:\/\/brocov.com\/\",\"logo\":{\"@type\":\"ImageObject\",\"inLanguage\":\"fr-FR\",\"@id\":\"https:\/\/brocov.com\/#\/schema\/logo\/image\/\",\"url\":\"https:\/\/brocov.com\/wp-content\/uploads\/2025\/01\/cropped-Logo-brocov.png\",\"contentUrl\":\"https:\/\/brocov.com\/wp-content\/uploads\/2025\/01\/cropped-Logo-brocov.png\",\"width\":1031,\"height\":531,\"caption\":\"Brocov\"},\"image\":{\"@id\":\"https:\/\/brocov.com\/#\/schema\/logo\/image\/\"},\"sameAs\":[\"https:\/\/www.facebook.com\/profile.php?id=61572047592454\"]}]}<\/script>\n<!-- \/ Yoast SEO plugin. -->","yoast_head_json":{"title":"Pourquoi nous - Brocov","description":"Pourquoi choisir Brocov \u00e0 antibes ? Des professionnels s\u00e9rieux et appliqu\u00e9s dans le covering de v\u00e9hicules.","robots":{"index":"index","follow":"follow","max-snippet":"max-snippet:-1","max-image-preview":"max-image-preview:large","max-video-preview":"max-video-preview:-1"},"canonical":"https:\/\/brocov.com\/index.php\/pourquoi-nous\/","og_locale":"fr_FR","og_type":"article","og_title":"Pourquoi nous - Brocov","og_description":"Pourquoi choisir Brocov \u00e0 antibes ? Des professionnels s\u00e9rieux et appliqu\u00e9s dans le covering de v\u00e9hicules.","og_url":"https:\/\/brocov.com\/index.php\/pourquoi-nous\/","og_site_name":"Brocov","article_publisher":"https:\/\/www.facebook.com\/profile.php?id=61572047592454","article_modified_time":"2025-01-30T22:09:40+00:00","og_image":[{"width":1168,"height":876,"url":"https:\/\/brocov.com\/wp-content\/uploads\/2025\/01\/covering-1.jpg","type":"image\/jpeg"}],"twitter_card":"summary_large_image","twitter_misc":{"Dur\u00e9e de lecture estim\u00e9e":"1 minute"},"schema":{"@context":"https:\/\/schema.org","@graph":[{"@type":"WebPage","@id":"https:\/\/brocov.com\/index.php\/pourquoi-nous\/","url":"https:\/\/brocov.com\/index.php\/pourquoi-nous\/","name":"Pourquoi nous - Brocov","isPartOf":{"@id":"https:\/\/brocov.com\/#website"},"datePublished":"2025-01-20T09:32:15+00:00","dateModified":"2025-01-30T22:09:40+00:00","description":"Pourquoi choisir Brocov \u00e0 antibes ? Des professionnels s\u00e9rieux et appliqu\u00e9s dans le covering de v\u00e9hicules.","breadcrumb":{"@id":"https:\/\/brocov.com\/index.php\/pourquoi-nous\/#breadcrumb"},"inLanguage":"fr-FR","potentialAction":[{"@type":"ReadAction","target":["https:\/\/brocov.com\/index.php\/pourquoi-nous\/"]}]},{"@type":"BreadcrumbList","@id":"https:\/\/brocov.com\/index.php\/pourquoi-nous\/#breadcrumb","itemListElement":[{"@type":"ListItem","position":1,"name":"Accueil","item":"https:\/\/brocov.com\/"},{"@type":"ListItem","position":2,"name":"Pourquoi nous"}]},{"@type":"WebSite","@id":"https:\/\/brocov.com\/#website","url":"https:\/\/brocov.com\/","name":"brocov","description":"Covering de v\u00e9hicule","publisher":{"@id":"https:\/\/brocov.com\/#organization"},"potentialAction":[{"@type":"SearchAction","target":{"@type":"EntryPoint","urlTemplate":"https:\/\/brocov.com\/?s={search_term_string}"},"query-input":{"@type":"PropertyValueSpecification","valueRequired":true,"valueName":"search_term_string"}}],"inLanguage":"fr-FR"},{"@type":"Organization","@id":"https:\/\/brocov.com\/#organization","name":"Brocov","alternateName":"Covering de vehicule","url":"https:\/\/brocov.com\/","logo":{"@type":"ImageObject","inLanguage":"fr-FR","@id":"https:\/\/brocov.com\/#\/schema\/logo\/image\/","url":"https:\/\/brocov.com\/wp-content\/uploads\/2025\/01\/cropped-Logo-brocov.png","contentUrl":"https:\/\/brocov.com\/wp-content\/uploads\/2025\/01\/cropped-Logo-brocov.png","width":1031,"height":531,"caption":"Brocov"},"image":{"@id":"https:\/\/brocov.com\/#\/schema\/logo\/image\/"},"sameAs":["https:\/\/www.facebook.com\/profile.php?id=61572047592454"]}]}},"_links":{"self":[{"href":"https:\/\/brocov.com\/index.php\/wp-json\/wp\/v2\/pages\/244","targetHints":{"allow":["GET"]}}],"collection":[{"href":"https:\/\/brocov.com\/index.php\/wp-json\/wp\/v2\/pages"}],"about":[{"href":"https:\/\/brocov.com\/index.php\/wp-json\/wp\/v2\/types\/page"}],"author":[{"embeddable":true,"href":"https:\/\/brocov.com\/index.php\/wp-json\/wp\/v2\/users\/1"}],"replies":[{"embeddable":true,"href":"https:\/\/brocov.com\/index.php\/wp-json\/wp\/v2\/comments?post=244"}],"version-history":[{"count":44,"href":"https:\/\/brocov.com\/index.php\/wp-json\/wp\/v2\/pages\/244\/revisions"}],"predecessor-version":[{"id":586,"href":"https:\/\/brocov.com\/index.php\/wp-json\/wp\/v2\/pages\/244\/revisions\/586"}],"wp:attachment":[{"href":"https:\/\/brocov.com\/index.php\/wp-json\/wp\/v2\/media?parent=244"}],"curies":[{"name":"wp","href":"https:\/\/api.w.org\/{rel}","templated":true}]}}